{"id":2774,"date":"2024-10-14T15:34:38","date_gmt":"2024-10-14T12:34:38","guid":{"rendered":"https:\/\/drsebnemkurtoglu.com\/?page_id=2774"},"modified":"2024-10-14T15:34:39","modified_gmt":"2024-10-14T12:34:39","slug":"doktor-hakkinda","status":"publish","type":"page","link":"https:\/\/drsebnemkurtoglu.com\/en\/doktor-hakkinda\/","title":{"rendered":"About the Doctor"},"content":{"rendered":"<div class=\"wp-block-columns is-layout-flex wp-container-core-columns-is-layout-9d6595d7 wp-block-columns-is-layout-flex\">\n<div class=\"wp-block-column is-layout-flow wp-block-column-is-layout-flow\">\n<figure class=\"wp-block-image size-full is-resized\"><img loading=\"lazy\" decoding=\"async\" width=\"627\" height=\"418\" src=\"https:\/\/drsebnemkurtoglu.com\/wp-content\/uploads\/2022\/04\/dr-sebnem_1211992.jpg\" alt=\"\" class=\"wp-image-2141\" style=\"width:404px;height:auto\" srcset=\"https:\/\/drsebnemkurtoglu.com\/wp-content\/uploads\/2022\/04\/dr-sebnem_1211992.jpg 627w, https:\/\/drsebnemkurtoglu.com\/wp-content\/uploads\/2022\/04\/dr-sebnem_1211992-300x200.jpg 300w, https:\/\/drsebnemkurtoglu.com\/wp-content\/uploads\/2022\/04\/dr-sebnem_1211992-280x187.jpg 280w\" sizes=\"auto, (max-width: 627px) 100vw, 627px\" \/><\/figure>\n<\/div>\n\n\n\n<div class=\"wp-block-column is-layout-flow wp-block-column-is-layout-flow\">\n<p>I am Dr. \u015eebnem \u015eenen Kurto\u011flu, born in Istanbul in 1971. I started my education life at Burdur Gazi Primary School and after completing Antalya Anatolian High School, I graduated from Akdeniz University Faculty of Medicine in 1998. After my medical education, I started my professional career in the pharmaceutical industry and worked in various positions including Medical Manager at Pfizer Pharmaceuticals. However, my deep interest in the medical profession led me to open my own practice.<\/p>\n<\/div>\n<\/div>\n\n\n\n<p>I have been working as a Medical Aesthetic Physician for about 16 years. During this period, I closely followed the developments in the field of aesthetics and specialized in various aesthetic applications such as botox, fillers and mesotherapy. In addition, I received Acupuncture Training at Yeditepe University and added alternative medicine methods to my treatment protocols.<\/p>\n\n\n\n<p>I put being in positive communication with my patients and working in accordance with business ethics at the center of my life. I gained entrepreneurial experience in this field by managing my own beauty center between 2006-2011. In this process, I adopted an approach that aims not only physical beauty in aesthetic applications, but also to make the person feel better. I renewed myself with many seminars and courses I attended in order to continuously improve my professional knowledge and experience.<\/p>\n\n\n\n<p>As a physician who speaks English and a little German, who constantly renews himself in the field of aesthetics, I am a married 20-year-old mother of a daughter. With the importance I attach to personal development and business ethics throughout my life, I continue to work devotedly to achieve success in the field of aesthetics and medicine.<\/p>","protected":false},"excerpt":{"rendered":"<p>Ben Dr. \u015eebnem \u015eenen Kurto\u011flu, 1971 y\u0131l\u0131nda \u0130stanbul\u2019da do\u011fdum. E\u011fitim hayat\u0131ma Burdur Gazi \u0130lkokulu&#8217;nda ba\u015flad\u0131m ve Antalya Anadolu Lisesi&#8217;ni tamamlad\u0131ktan sonra Akdeniz \u00dcniversitesi T\u0131p Fak\u00fcltesi&#8217;nden 1998 y\u0131l\u0131nda mezun oldum. T\u0131p e\u011fitimimin ard\u0131ndan profesyonel kariyerime ila\u00e7 sekt\u00f6r\u00fcnde ba\u015flad\u0131m ve Pfizer \u0130la\u00e7lar\u0131&#8217;nda Medikal M\u00fcd\u00fcrl\u00fck dahil \u00e7e\u015fitli pozisyonlarda g\u00f6rev ald\u0131m. Ancak t\u0131p mesle\u011fine duydu\u011fum derin ilgi beni kendi<\/p>","protected":false},"author":1,"featured_media":0,"parent":0,"menu_order":0,"comment_status":"closed","ping_status":"closed","template":"","meta":{"footnotes":""},"class_list":["post-2774","page","type-page","status-publish","hentry"],"_links":{"self":[{"href":"https:\/\/drsebnemkurtoglu.com\/en\/wp-json\/wp\/v2\/pages\/2774","targetHints":{"allow":["GET"]}}],"collection":[{"href":"https:\/\/drsebnemkurtoglu.com\/en\/wp-json\/wp\/v2\/pages"}],"about":[{"href":"https:\/\/drsebnemkurtoglu.com\/en\/wp-json\/wp\/v2\/types\/page"}],"author":[{"embeddable":true,"href":"https:\/\/drsebnemkurtoglu.com\/en\/wp-json\/wp\/v2\/users\/1"}],"replies":[{"embeddable":true,"href":"https:\/\/drsebnemkurtoglu.com\/en\/wp-json\/wp\/v2\/comments?post=2774"}],"version-history":[{"count":1,"href":"https:\/\/drsebnemkurtoglu.com\/en\/wp-json\/wp\/v2\/pages\/2774\/revisions"}],"predecessor-version":[{"id":2775,"href":"https:\/\/drsebnemkurtoglu.com\/en\/wp-json\/wp\/v2\/pages\/2774\/revisions\/2775"}],"wp:attachment":[{"href":"https:\/\/drsebnemkurtoglu.com\/en\/wp-json\/wp\/v2\/media?parent=2774"}],"curies":[{"name":"wp","href":"https:\/\/api.w.org\/{rel}","templated":true}]}}